{"id":10236,"date":"2015-04-08T15:43:36","date_gmt":"2015-04-08T13:43:36","guid":{"rendered":"https:\/\/www.musee-batellerie-conflans.fr\/accueil\/"},"modified":"2024-06-03T17:26:44","modified_gmt":"2024-06-03T15:26:44","slug":"accueil","status":"publish","type":"page","link":"https:\/\/www.musee-batellerie-conflans.fr\/de\/","title":{"rendered":"Accueil"},"content":{"rendered":"\n<section id=\"banner_home-block_2edc4bc278d14cfd942434e4f9804913\" class=\"section banner_home  bg--color-1\">\n\n    <div class=\"container-fluid g-0\">\n        <div class=\"row position-relative align-items-center\">\n            <div class=\"col-md-6 bg--radial text-start\">\n                <div class=\"bg--roue py-md-2 py-xl-5\">\n                    <div class=\"px-2 px-lg-3 px-xl-5 py-5\">\n                        <h1 class=\"style-banner fc-light\">Mus\u00e9e de la batellerie et des voies navigables<\/h1>\n                        <div class=\"style-body fc-light\">Situ\u00e9 \u00e0 Conflans-Sainte-Honorine, au nord de Paris, le mus\u00e9e de la batellerie et des voies navigables vous emm\u00e8ne \u00e0 la d\u00e9couverte de la navigation fluviale, de son histoire et des hommes et femmes qui l\u2019ont fa\u00e7onn\u00e9e.<\/div>\n                        <a href=\"#cta_infopratique-block_c09d40a9e2ba7d246ff86fdd1a77ed83\" class=\"mt-1\"><img decoding=\"async\" src=\"https:\/\/www.musee-batellerie-conflans.fr\/wp-content\/themes\/wp-theme-batellerie-child\/assets\/img\/arrow-down-long.svg\"><\/a>\n                    <\/div>\n                <\/div>\n\n            <\/div>\n            <div class=\"col-md-6 order-first order-md-last\">\n                <img decoding=\"async\" class=\"img-homebanner px-0\" title=\"musee-batellerie\" alt=\"\" src=\"https:\/\/www.musee-batellerie-conflans.fr\/wp-content\/uploads\/2024\/03\/musee-batellerie.jpg\"\/>\n            <\/div>\n        <\/div>\n    <\/div>\n\n<\/section>\n\n\n\n<section id=\"cta_infopratique-block_59655b42dcc6f968b5d62b0528c999b7\" class=\"section section-vague cta_infopratique  bg--radial\">\n    <div class=\"container pb-4 pb-md-0\">\n        <div class=\"row row-cols-2 row-cols-lg-4 g-2 g-lg-3 pt-3 pb-5\">\n                            <div class=\"col margin-hover-btn contenu\">\n                    <a class=\"btn-blancbordure-jaunehover d-flex align-items-center mb-0\" href=\"https:\/\/www.musee-batellerie-conflans.fr\/preparer-sa-visite\/horaires-et-tarifs\/\">\n                        <img decoding=\"async\" class=\"picto-svg me-1\" src=\"https:\/\/www.musee-batellerie-conflans.fr\/wp-content\/uploads\/2024\/02\/cta_horaires.svg\"\/>\n                        Horaires et tarifs                    <\/a>\n                <\/div>\n                            <div class=\"col margin-hover-btn contenu\">\n                    <a class=\"btn-blancbordure-jaunehover d-flex align-items-center mb-0\" href=\"https:\/\/www.musee-batellerie-conflans.fr\/preparer-sa-visite\/reserver-sa-visite\/\">\n                        <img decoding=\"async\" class=\"picto-svg me-1\" src=\"https:\/\/www.musee-batellerie-conflans.fr\/wp-content\/uploads\/2024\/02\/cta_reserver.svg\"\/>\n                        R\u00e9server votre visite                    <\/a>\n                <\/div>\n                            <div class=\"col margin-hover-btn contenu\">\n                    <a class=\"btn-blancbordure-jaunehover d-flex align-items-center mb-0\" href=\"https:\/\/www.musee-batellerie-conflans.fr\/preparer-sa-visite\/comment-venir\/\">\n                        <img decoding=\"async\" class=\"picto-svg me-1\" src=\"https:\/\/www.musee-batellerie-conflans.fr\/wp-content\/uploads\/2024\/02\/cta_acceder.svg\"\/>\n                        Acc\u00e9der au mus\u00e9e                    <\/a>\n                <\/div>\n                            <div class=\"col margin-hover-btn contenu\">\n                    <a class=\"btn-blancbordure-jaunehover d-flex align-items-center mb-0\" href=\"https:\/\/www.musee-batellerie-conflans.fr\/scolaire\/\">\n                        <img decoding=\"async\" class=\"picto-svg me-1\" src=\"https:\/\/www.musee-batellerie-conflans.fr\/wp-content\/uploads\/2024\/02\/cta_scolaire.svg\"\/>\n                        Pour les scolaires                    <\/a>\n                <\/div>\n                    <\/div>\n    <\/div>\n<\/section>\n\n\n\n<section id=\"collection_home-block_26a45a7b44d711bdedb093d760a1dbc7\" class=\"section collection_home hide archive-collection section collection\">\n\n    <div class=\"container\">\n        <div class=\"row pt-5 pb-2\">\n            <div class=\"col-12 text-center text-lg-start\">\n                <h2 class=\"style-titre-1 style-tiret\">Nos collections<\/h2>\n            <\/div>\n        <\/div>\n\n                \n    <\/div>\n\n    <div class=\"container g-0\">\n                <div class=\"row pb-5 px-4 px-md-collection text-center text-md-start\">\n            <div class=\"col-12 slider-collection\">\n                                    <a class=\"px-collection\" href=\"https:\/\/www.musee-batellerie-conflans.fr\/le-musee\/nos-collections\/\">\n                        <div class=\"fond_image\">\n                            <img decoding=\"async\" class=\"img-fluid\" src=\"https:\/\/www.musee-batellerie-conflans.fr\/wp-content\/uploads\/2024\/03\/musee-batellerie.jpg\"\/>\n                        <\/div>\n                        <div class=\"fond_bordure\"><\/div>\n                        <p class=\"style-listing mt-0\">Des collections exceptionnelles<\/p>\n                    <\/a>\n                                        <a class=\"px-collection\" href=\"\">\n                        <div class=\"fond_image\">\n                            <img decoding=\"async\" class=\"img-fluid\" src=\"https:\/\/www.musee-batellerie-conflans.fr\/wp-content\/uploads\/2024\/03\/musee-batellerie.jpg\"\/>\n                        <\/div>\n                        <div class=\"fond_bordure\"><\/div>\n                        <p class=\"style-listing mt-0\">L&#8217;armada des fleuves<\/p>\n                    <\/a>\n                                        <a class=\"px-collection\" href=\"\">\n                        <div class=\"fond_image\">\n                            <img decoding=\"async\" class=\"img-fluid\" src=\"https:\/\/www.musee-batellerie-conflans.fr\/wp-content\/uploads\/2024\/03\/musee-batellerie.jpg\"\/>\n                        <\/div>\n                        <div class=\"fond_bordure\"><\/div>\n                        <p class=\"style-listing mt-0\">Nouvelles acquisitions<\/p>\n                    <\/a>\n                                        <a class=\"px-collection\" href=\"\">\n                        <div class=\"fond_image\">\n                            <img decoding=\"async\" class=\"img-fluid\" src=\"https:\/\/www.musee-batellerie-conflans.fr\/wp-content\/uploads\/2024\/03\/musee-batellerie.jpg\"\/>\n                        <\/div>\n                        <div class=\"fond_bordure\"><\/div>\n                        <p class=\"style-listing mt-0\">Nos collections voyages<\/p>\n                    <\/a>\n                                <\/div>\n\n        <\/div>\n\n\n    <\/div>\n<\/section>\n\n\n\n\n\n\n\n<section id=\"exposition-block_a63cfd4c083d9342380f71fa4c63e8ad\" class=\"exposition  bg--expo\">\n\n    <div class=\"container py-5\">\n        <div class=\"row align-items-center pb-2\">\n            <div class=\"col-lg-8 pb-1 text-center text-lg-start\">\n                <h2 class=\"style-titre-1 style-tiret fc-light m-0\">Nos expositions<\/h2>\n            <\/div>\n            <div class=\"d-none d-lg-block col-lg-4 pb-1 text-end\">\n                <a href=\"\/expositions\/\" class=\"btn-simple-jaune\">\n                    Tout voir                <\/a>\n            <\/div>\n        <\/div>\n\n                \n                <div class=\"row slider-expo pb-2 pb-lg-5 px-4 px-md-2\">\n                    <\/div>\n\n        <div class=\"row d-lg-none\">\n            <div class=\"col-12 text-center\">\n                <a href=\"\/expositions\/\" class=\"btn-simple-jaune\">\n                    Tout voir                <\/a>\n            <\/div>\n        <\/div>\n    <\/div>\n<\/section>\n\n\n<section id=\"zoomsur-block_8fbdacf9a6072fd99fc45f0df4616b8a\" class=\"section zoomsur  bg--color-3\">\n\n    <div class=\"container-fluid g-0\">\n        <div class=\"row position-relative align-items-center bg--roue\">\n\n            <div class=\"col-md-6\">\n                <img decoding=\"async\" class=\"img-zoomsur px-0\" title=\"zoomsur\" alt=\"\" src=\"https:\/\/www.musee-batellerie-conflans.fr\/wp-content\/uploads\/2024\/03\/zoomsur.jpg\"\/>\n            <\/div>\n            <div class=\"col-md-6\">\n                <div class=\"py-4 py-lg-5\">\n                    <div class=\"px-2 px-lg-5\">\n                        <h1 class=\"style-baseline\">La batellerie<\/h1>\n                        <h1 class=\"style-titre-2\">Pr\u00e9sentation du mus\u00e9e<\/h1>\n                        <div class=\"style-body\">Le mus\u00e9e de Conflans-Sainte-Honorine par son histoire et la richesse de ses collections constitu\u00e9es autour de la batellerie et des voies navigables, reste unique en France.<\/div>\n                                                    <a class=\"btn-bleubordure-jaunehover\" href=\"https:\/\/www.musee-batellerie-conflans.fr\/le-musee\/lhistoire-du-musee\/\" class=\"mt-1\">D\u00e9couvrir<\/a>\n                            \n                    <\/div>\n                <\/div>\n\n            <\/div>\n\n\n        <\/div>\n    <\/div>\n\n<\/section>\n\n\n\n<section id=\"actualite-block_818b1dfc4864989cc6e1c6c328b86b3d\" class=\"actualite \">\n\n    <div class=\"container pt-5 pb-4\">\n        <div class=\"row align-items-center pb-2\">\n            <div class=\"col-lg-8 pb-1\">\n                <h2 class=\"style-titre-1 style-tiret m-0\">Nos actualit\u00e9s<\/h2>\n            <\/div>\n            <div class=\"d-none d-lg-block col-lg-4 pb-1 text-end\">\n                <a href=\"\/actualites\/\" class=\"btn-simple-bleu\">\n                    Tout voir                <\/a>\n            <\/div>\n        <\/div>\n\n\n            <\/div>\n<\/section>","protected":false},"excerpt":{"rendered":"","protected":false},"author":2,"featured_media":0,"parent":0,"menu_order":0,"comment_status":"closed","ping_status":"closed","template":"pages\/page-fullwidth.php","meta":{"_acf_changed":false,"_seopress_robots_primary_cat":"","_seopress_titles_title":"","_seopress_titles_desc":"","_seopress_robots_index":"","footnotes":""},"class_list":["post-10236","page","type-page","status-publish","hentry"],"acf":[],"_links":{"self":[{"href":"https:\/\/www.musee-batellerie-conflans.fr\/de\/wp-json\/wp\/v2\/pages\/10236","targetHints":{"allow":["GET"]}}],"collection":[{"href":"https:\/\/www.musee-batellerie-conflans.fr\/de\/wp-json\/wp\/v2\/pages"}],"about":[{"href":"https:\/\/www.musee-batellerie-conflans.fr\/de\/wp-json\/wp\/v2\/types\/page"}],"author":[{"embeddable":true,"href":"https:\/\/www.musee-batellerie-conflans.fr\/de\/wp-json\/wp\/v2\/users\/2"}],"replies":[{"embeddable":true,"href":"https:\/\/www.musee-batellerie-conflans.fr\/de\/wp-json\/wp\/v2\/comments?post=10236"}],"version-history":[{"count":30,"href":"https:\/\/www.musee-batellerie-conflans.fr\/de\/wp-json\/wp\/v2\/pages\/10236\/revisions"}],"predecessor-version":[{"id":11645,"href":"https:\/\/www.musee-batellerie-conflans.fr\/de\/wp-json\/wp\/v2\/pages\/10236\/revisions\/11645"}],"wp:attachment":[{"href":"https:\/\/www.musee-batellerie-conflans.fr\/de\/wp-json\/wp\/v2\/media?parent=10236"}],"curies":[{"name":"wp","href":"https:\/\/api.w.org\/{rel}","templated":true}]}}